{"id":881,"date":"2021-10-29T10:52:00","date_gmt":"2021-10-29T10:52:00","guid":{"rendered":"https:\/\/agromantes.com\/politica-de-privacidad\/"},"modified":"2022-05-30T11:38:14","modified_gmt":"2022-05-30T11:38:14","slug":"politica-de-privacidad","status":"publish","type":"page","link":"https:\/\/agromantes.com\/es\/politica-de-privacidad\/","title":{"rendered":"Pol\u00edtica de Privacidad"},"content":{"rendered":"\t\t<div data-elementor-type=\"wp-page\" data-elementor-id=\"881\" class=\"elementor elementor-881 elementor-468\" data-elementor-post-type=\"page\">\n\t\t\t\t\t\t\t\t\t<section class=\"elementor-section elementor-top-section elementor-element elementor-element-1cc6d3d0 elementor-section-boxed elementor-section-height-default elementor-section-height-default\" data-id=\"1cc6d3d0\" data-element_type=\"section\" data-settings=\"{&quot;background_background&quot;:&quot;classic&quot;}\">\n\t\t\t\t\t\t<div class=\"elementor-container elementor-column-gap-default\">\n\t\t\t\t\t<div class=\"elementor-column elementor-col-100 elementor-top-column elementor-element elementor-element-27b363b6\" data-id=\"27b363b6\" data-element_type=\"column\">\n\t\t\t<div class=\"elementor-widget-wrap elementor-element-populated\">\n\t\t\t\t\t\t\t\t<div class=\"elementor-element elementor-element-7db1c433 elementor-widget elementor-widget-text-editor\" data-id=\"7db1c433\" data-element_type=\"widget\" data-widget_type=\"text-editor.default\">\n\t\t\t\t<div class=\"elementor-widget-container\">\n\t\t\t<style>\/*! elementor - v3.14.0 - 26-06-2023 *\/\n.elementor-widget-text-editor.elementor-drop-cap-view-stacked .elementor-drop-cap{background-color:#69727d;color:#fff}.elementor-widget-text-editor.elementor-drop-cap-view-framed .elementor-drop-cap{color:#69727d;border:3px solid;background-color:transparent}.elementor-widget-text-editor:not(.elementor-drop-cap-view-default) .elementor-drop-cap{margin-top:8px}.elementor-widget-text-editor:not(.elementor-drop-cap-view-default) .elementor-drop-cap-letter{width:1em;height:1em}.elementor-widget-text-editor .elementor-drop-cap{float:left;text-align:center;line-height:1;font-size:50px}.elementor-widget-text-editor .elementor-drop-cap-letter{display:inline-block}<\/style>\t\t\t\t\n<h2>Quienes somos<\/h2>\n\n<p>La direcci\u00f3n de nuestra p\u00e1gina web es: https:\/\/agromantes.com.<\/p>\n\n<h2>Comentarios<\/h2>\n\n<p>Cuando los visitantes dejan comentarios en la web, recopilamos los datos que se muestran en el formulario de comentarios, as\u00ed como la direcci\u00f3n IP del visitante y la cadena de agentes de usuario del navegador para ayudar a la detecci\u00f3n de spam.<\/p>\n\n<p>Una cadena an\u00f3nima creada a partir de tu direcci\u00f3n de correo electr\u00f3nico (tambi\u00e9n llamada hash) puede ser proporcionada al servicio de Gravatar para ver si la est\u00e1s usando. La pol\u00edtica de privacidad del servicio Gravatar est\u00e1 disponible aqu\u00ed: https:\/\/automattic.com\/privacy\/. Despu\u00e9s de la aprobaci\u00f3n de tu comentario, la imagen de tu perfil es visible para el p\u00fablico en el contexto de su comentario.<\/p>\n\n<h2>Multimedia<\/h2>\n\n<p>Si eres un usuario inscrito y cargas im\u00e1genes a la web, debes evitar cargar im\u00e1genes con datos de localizaci\u00f3n GPS EXIF incluidos. Los visitantes de la web pueden descargar y extraer cualquier dato de localizaci\u00f3n de las im\u00e1genes de la web. <\/p>\n\n<h2>Cookies<\/h2>\n\n<p>Si dejas un comentario en nuestro sitio puedes elegir guardar tu nombre, direcci\u00f3n de correo electr\u00f3nico y web en cookies. Esto es para tu comodidad, para que no tengas que volver a llenar tus datos cuando dejes otro comentario. Estas cookies tendr\u00e1n una duraci\u00f3n de un a\u00f1o.  <\/p>\n\n<p>Si tienes una cuenta y te conectas a este sitio, instalaremos una cookie temporal para determinar si tu navegador acepta cookies. Esta cookie no contiene datos personales y se elimina al cerrar el navegador. <\/p>\n\n<p>Cuando inicias sesi\u00f3n, tambi\u00e9n instalaremos varias cookies para guardar tu informaci\u00f3n de inicio de sesi\u00f3n y tus opciones de visualizaci\u00f3n de pantalla. Las cookies de inicio de sesi\u00f3n duran dos d\u00edas, y las cookies de opciones de pantalla duran un a\u00f1o. Si seleccionas \u00abRecordarme\u00bb, tu inicio de sesi\u00f3n perdurar\u00e1 durante dos semanas. Si sales de tu cuenta, las cookies de inicio de sesi\u00f3n se eliminar\u00e1n.   <\/p>\n\n<p>Si editas o publicas un art\u00edculo, se guardar\u00e1 una cookie adicional en tu navegador. Esta cookie no incluye datos personales y simplemente indica el ID del art\u00edculo que acabas de editar. Expira despu\u00e9s de 1 d\u00eda.  <\/p>\n\n<h2>Contenido incrustado de otros sitios web<\/h2>\n\n<p>Los art\u00edculos de este sitio pueden incluir contenido incrustado (por ejemplo, v\u00eddeos, im\u00e1genes, art\u00edculos, etc.). El contenido incrustado de otras web se comporta exactamente de la misma manera que se lo visitante visitara la otra web. <\/p>\n\n<p>Estas web pueden recopilar datos sobre ti, utilizar cookies, incrustar un seguimiento adicional de terceros, y supervisar tu interacci\u00f3n con ese contenido incrustado, incluido el seguimiento de su interacci\u00f3n con el contenido incrustado si tienes una cuenta y est\u00e1s conectado a esa web.<\/p>\n\n<h2>Con quien compartimos tus datos<\/h2>\n\n<p>Si solicita un restablecimiento de contrase\u00f1a, su direcci\u00f3n IP se incluir\u00e1 en el correo electr\u00f3nico de restablecimiento.<\/p>\n\n<h2>Cuanto tiempo conservamos tus datos<\/h2>\n\n<p>Si dejas un comentario, el comentario y sus metadatos se conservan indefinidamente. Esto es para que podamos reconocer y aprobar comentarios sucesivos autom\u00e1ticamente en lugar de mantenerlos en una cola de moderaci\u00f3n <\/p>\n\n<p>De los usuarios que se registran en nuestra web (si los hay), tambi\u00e9n almacenamos la informaci\u00f3n personal que proporcionan en su perfil de usuario. Todos los usuarios pueden ver, editar o eliminar su informaci\u00f3n personal en cualquier momento (excepto que no pueden cambiar su nombre de usuario). Los administradores de la web tambi\u00e9n pueden ver y editar esa informaci\u00f3n.  <\/p>\n\n<h2>Que derechos tienes sobre tus datos<\/h2>\n\n<p>Si tienes una cuenta o dejaste comentarios en esta web, puedes solicitar recibir un archivo de exportaci\u00f3n de los datos personales que tenemos sobre ti, incluyendo cualquier dato que nos hab\u00edas proporcionado. Tambi\u00e9n puedes solicitar que eliminemos cualquier dato personal que tengamos sobre ti. Esto no incluye ning\u00fan dato que estemos obligados a conservar con fines administrativos, legales o de seguridad.  <\/p>\n\n<h2>A donde enviamos tus datos<\/h2>\n\n<p>Los comentarios de los visitantes puede que los revise un servicio de detecci\u00f3n autom\u00e1tica de spam.<\/p>\n\t\t\t\t\t\t<\/div>\n\t\t\t\t<\/div>\n\t\t\t\t\t<\/div>\n\t\t<\/div>\n\t\t\t\t\t\t\t<\/div>\n\t\t<\/section>\n\t\t\t\t\t\t\t<\/div>\n\t\t","protected":false},"excerpt":{"rendered":"<p>Quienes somos La direcci\u00f3n de nuestra p\u00e1gina web es: https:\/\/agromantes.com. Comentarios Cuando los visitantes dejan comentarios en la web, recopilamos los datos que se muestran en el formulario de comentarios, as\u00ed como la direcci\u00f3n IP del visitante y la cadena de agentes de usuario del navegador para ayudar a la detecci\u00f3n de spam. Una cadena &#8230; <a title=\"Pol\u00edtica de Privacidad\" class=\"read-more\" href=\"https:\/\/agromantes.com\/es\/politica-de-privacidad\/\" aria-label=\"M\u00e1s en Pol\u00edtica de Privacidad\">Leer m\u00e1s<\/a><\/p>\n","protected":false},"author":1,"featured_media":0,"parent":0,"menu_order":0,"comment_status":"closed","ping_status":"closed","template":"elementor_header_footer","meta":{"footnotes":""},"class_list":["post-881","page","type-page","status-publish"],"acf":[],"yoast_head":"<!-- This site is optimized with the Yoast SEO plugin v22.1 - https:\/\/yoast.com\/wordpress\/plugins\/seo\/ -->\n<title>Pol\u00edtica de Privacidad - Agromantes<\/title>\n<meta name=\"robots\" content=\"noindex, follow\" \/>\n<meta property=\"og:locale\" content=\"es_ES\" \/>\n<meta property=\"og:type\" content=\"article\" \/>\n<meta property=\"og:title\" content=\"Pol\u00edtica de Privacidad - Agromantes\" \/>\n<meta property=\"og:description\" content=\"Quienes somos La direcci\u00f3n de nuestra p\u00e1gina web es: https:\/\/agromantes.com. Comentarios Cuando los visitantes dejan comentarios en la web, recopilamos los datos que se muestran en el formulario de comentarios, as\u00ed como la direcci\u00f3n IP del visitante y la cadena de agentes de usuario del navegador para ayudar a la detecci\u00f3n de spam. Una cadena ... Leer m\u00e1s\" \/>\n<meta property=\"og:url\" content=\"https:\/\/agromantes.com\/es\/politica-de-privacidad\/\" \/>\n<meta property=\"og:site_name\" content=\"Agromantes\" \/>\n<meta property=\"article:publisher\" content=\"https:\/\/www.facebook.com\/Agromantes\" \/>\n<meta property=\"article:modified_time\" content=\"2022-05-30T11:38:14+00:00\" \/>\n<meta name=\"twitter:card\" content=\"summary_large_image\" \/>\n<meta name=\"twitter:label1\" content=\"Tiempo de lectura\" \/>\n\t<meta name=\"twitter:data1\" content=\"3 minutos\" \/>\n<script type=\"application\/ld+json\" class=\"yoast-schema-graph\">{\"@context\":\"https:\/\/schema.org\",\"@graph\":[{\"@type\":\"WebPage\",\"@id\":\"https:\/\/agromantes.com\/es\/politica-de-privacidad\/\",\"url\":\"https:\/\/agromantes.com\/es\/politica-de-privacidad\/\",\"name\":\"Pol\u00edtica de Privacidad - Agromantes\",\"isPartOf\":{\"@id\":\"https:\/\/agromantes.com\/es\/#website\"},\"datePublished\":\"2021-10-29T10:52:00+00:00\",\"dateModified\":\"2022-05-30T11:38:14+00:00\",\"breadcrumb\":{\"@id\":\"https:\/\/agromantes.com\/es\/politica-de-privacidad\/#breadcrumb\"},\"inLanguage\":\"es\",\"potentialAction\":[{\"@type\":\"ReadAction\",\"target\":[\"https:\/\/agromantes.com\/es\/politica-de-privacidad\/\"]}]},{\"@type\":\"BreadcrumbList\",\"@id\":\"https:\/\/agromantes.com\/es\/politica-de-privacidad\/#breadcrumb\",\"itemListElement\":[{\"@type\":\"ListItem\",\"position\":1,\"name\":\"Portada\",\"item\":\"https:\/\/agromantes.com\/es\/inicio\/\"},{\"@type\":\"ListItem\",\"position\":2,\"name\":\"Pol\u00edtica de Privacidad\"}]},{\"@type\":\"WebSite\",\"@id\":\"https:\/\/agromantes.com\/es\/#website\",\"url\":\"https:\/\/agromantes.com\/es\/\",\"name\":\"Agromantes\",\"description\":\"Gromos Audiovisuais\",\"publisher\":{\"@id\":\"https:\/\/agromantes.com\/es\/#organization\"},\"potentialAction\":[{\"@type\":\"SearchAction\",\"target\":{\"@type\":\"EntryPoint\",\"urlTemplate\":\"https:\/\/agromantes.com\/es\/?s={search_term_string}\"},\"query-input\":\"required name=search_term_string\"}],\"inLanguage\":\"es\"},{\"@type\":\"Organization\",\"@id\":\"https:\/\/agromantes.com\/es\/#organization\",\"name\":\"Agromantes\",\"url\":\"https:\/\/agromantes.com\/es\/\",\"logo\":{\"@type\":\"ImageObject\",\"inLanguage\":\"es\",\"@id\":\"https:\/\/agromantes.com\/es\/#\/schema\/logo\/image\/\",\"url\":\"https:\/\/agromantes.com\/wp-content\/uploads\/2021\/10\/agromantes-logo-horizontal-1.png\",\"contentUrl\":\"https:\/\/agromantes.com\/wp-content\/uploads\/2021\/10\/agromantes-logo-horizontal-1.png\",\"width\":1458,\"height\":232,\"caption\":\"Agromantes\"},\"image\":{\"@id\":\"https:\/\/agromantes.com\/es\/#\/schema\/logo\/image\/\"},\"sameAs\":[\"https:\/\/www.facebook.com\/Agromantes\",\"https:\/\/www.instagram.com\/gromanta\/\"]}]}<\/script>\n<!-- \/ Yoast SEO plugin. -->","yoast_head_json":{"title":"Pol\u00edtica de Privacidad - Agromantes","robots":{"index":"noindex","follow":"follow"},"og_locale":"es_ES","og_type":"article","og_title":"Pol\u00edtica de Privacidad - Agromantes","og_description":"Quienes somos La direcci\u00f3n de nuestra p\u00e1gina web es: https:\/\/agromantes.com. Comentarios Cuando los visitantes dejan comentarios en la web, recopilamos los datos que se muestran en el formulario de comentarios, as\u00ed como la direcci\u00f3n IP del visitante y la cadena de agentes de usuario del navegador para ayudar a la detecci\u00f3n de spam. Una cadena ... Leer m\u00e1s","og_url":"https:\/\/agromantes.com\/es\/politica-de-privacidad\/","og_site_name":"Agromantes","article_publisher":"https:\/\/www.facebook.com\/Agromantes","article_modified_time":"2022-05-30T11:38:14+00:00","twitter_card":"summary_large_image","twitter_misc":{"Tiempo de lectura":"3 minutos"},"schema":{"@context":"https:\/\/schema.org","@graph":[{"@type":"WebPage","@id":"https:\/\/agromantes.com\/es\/politica-de-privacidad\/","url":"https:\/\/agromantes.com\/es\/politica-de-privacidad\/","name":"Pol\u00edtica de Privacidad - Agromantes","isPartOf":{"@id":"https:\/\/agromantes.com\/es\/#website"},"datePublished":"2021-10-29T10:52:00+00:00","dateModified":"2022-05-30T11:38:14+00:00","breadcrumb":{"@id":"https:\/\/agromantes.com\/es\/politica-de-privacidad\/#breadcrumb"},"inLanguage":"es","potentialAction":[{"@type":"ReadAction","target":["https:\/\/agromantes.com\/es\/politica-de-privacidad\/"]}]},{"@type":"BreadcrumbList","@id":"https:\/\/agromantes.com\/es\/politica-de-privacidad\/#breadcrumb","itemListElement":[{"@type":"ListItem","position":1,"name":"Portada","item":"https:\/\/agromantes.com\/es\/inicio\/"},{"@type":"ListItem","position":2,"name":"Pol\u00edtica de Privacidad"}]},{"@type":"WebSite","@id":"https:\/\/agromantes.com\/es\/#website","url":"https:\/\/agromantes.com\/es\/","name":"Agromantes","description":"Gromos Audiovisuais","publisher":{"@id":"https:\/\/agromantes.com\/es\/#organization"},"potentialAction":[{"@type":"SearchAction","target":{"@type":"EntryPoint","urlTemplate":"https:\/\/agromantes.com\/es\/?s={search_term_string}"},"query-input":"required name=search_term_string"}],"inLanguage":"es"},{"@type":"Organization","@id":"https:\/\/agromantes.com\/es\/#organization","name":"Agromantes","url":"https:\/\/agromantes.com\/es\/","logo":{"@type":"ImageObject","inLanguage":"es","@id":"https:\/\/agromantes.com\/es\/#\/schema\/logo\/image\/","url":"https:\/\/agromantes.com\/wp-content\/uploads\/2021\/10\/agromantes-logo-horizontal-1.png","contentUrl":"https:\/\/agromantes.com\/wp-content\/uploads\/2021\/10\/agromantes-logo-horizontal-1.png","width":1458,"height":232,"caption":"Agromantes"},"image":{"@id":"https:\/\/agromantes.com\/es\/#\/schema\/logo\/image\/"},"sameAs":["https:\/\/www.facebook.com\/Agromantes","https:\/\/www.instagram.com\/gromanta\/"]}]}},"_links":{"self":[{"href":"https:\/\/agromantes.com\/es\/wp-json\/wp\/v2\/pages\/881","targetHints":{"allow":["GET"]}}],"collection":[{"href":"https:\/\/agromantes.com\/es\/wp-json\/wp\/v2\/pages"}],"about":[{"href":"https:\/\/agromantes.com\/es\/wp-json\/wp\/v2\/types\/page"}],"author":[{"embeddable":true,"href":"https:\/\/agromantes.com\/es\/wp-json\/wp\/v2\/users\/1"}],"replies":[{"embeddable":true,"href":"https:\/\/agromantes.com\/es\/wp-json\/wp\/v2\/comments?post=881"}],"version-history":[{"count":0,"href":"https:\/\/agromantes.com\/es\/wp-json\/wp\/v2\/pages\/881\/revisions"}],"wp:attachment":[{"href":"https:\/\/agromantes.com\/es\/wp-json\/wp\/v2\/media?parent=881"}],"curies":[{"name":"wp","href":"https:\/\/api.w.org\/{rel}","templated":true}]}}